{"id":8,"date":"2021-12-20T03:58:29","date_gmt":"2021-12-20T03:58:29","guid":{"rendered":"http:\/\/voicebox.com.mx\/?page_id=8"},"modified":"2022-07-15T03:12:14","modified_gmt":"2022-07-15T03:12:14","slug":"quienes-somos","status":"publish","type":"page","link":"https:\/\/anagabrielalealsoprano.com\/index.php\/quienes-somos\/","title":{"rendered":"Quienes somos"},"content":{"rendered":"\t\t<div data-elementor-type=\"wp-page\" data-elementor-id=\"8\" class=\"elementor elementor-8\">\n\t\t\t\t\t\t<section class=\"elementor-section elementor-top-section elementor-element elementor-element-8bc2c40 elementor-section-boxed elementor-section-height-default elementor-section-height-default\" data-id=\"8bc2c40\" data-element_type=\"section\">\n\t\t\t\t\t\t<div class=\"elementor-container elementor-column-gap-default\">\n\t\t\t\t\t<div class=\"elementor-column elementor-col-100 elementor-top-column elementor-element elementor-element-763f920\" data-id=\"763f920\" data-element_type=\"column\">\n\t\t\t<div class=\"elementor-widget-wrap elementor-element-populated\">\n\t\t\t\t\t\t<div class=\"elementor-element elementor-element-4882a9c elementor-widget elementor-widget-heading\" data-id=\"4882a9c\" data-element_type=\"widget\" data-widget_type=\"heading.default\">\n\t\t\t\t<div class=\"elementor-widget-container\">\n\t\t\t\t\t<h2 class=\"elementor-heading-title elementor-size-default\">\u00bfQUI\u00c9NES SOMOS?<\/h2>\t\t\t\t<\/div>\n\t\t\t\t<\/div>\n\t\t\t\t\t<\/div>\n\t\t<\/div>\n\t\t\t\t\t<\/div>\n\t\t<\/section>\n\t\t\t\t<section class=\"elementor-section elementor-top-section elementor-element elementor-element-2ce4b44 elementor-section-boxed elementor-section-height-default elementor-section-height-default\" data-id=\"2ce4b44\" data-element_type=\"section\">\n\t\t\t\t\t\t<div class=\"elementor-container elementor-column-gap-default\">\n\t\t\t\t\t<div class=\"elementor-column elementor-col-50 elementor-top-column elementor-element elementor-element-7338b65\" data-id=\"7338b65\" data-element_type=\"column\">\n\t\t\t<div class=\"elementor-widget-wrap elementor-element-populated\">\n\t\t\t\t\t\t<div class=\"elementor-element elementor-element-fa56788 elementor-widget elementor-widget-image\" data-id=\"fa56788\" data-element_type=\"widget\" data-widget_type=\"image.default\">\n\t\t\t\t<div class=\"elementor-widget-container\">\n\t\t\t\t\t\t\t\t\t\t\t\t\t\t\t<img fetchpriority=\"high\" decoding=\"async\" width=\"684\" height=\"1024\" src=\"https:\/\/anagabrielalealsoprano.com\/wp-content\/uploads\/2022\/03\/ANAGABRIELAYPIANISTA-SELECC-17-684x1024.jpg\" class=\"attachment-large size-large wp-image-464\" alt=\"\" srcset=\"https:\/\/anagabrielalealsoprano.com\/wp-content\/uploads\/2022\/03\/ANAGABRIELAYPIANISTA-SELECC-17-684x1024.jpg 684w, https:\/\/anagabrielalealsoprano.com\/wp-content\/uploads\/2022\/03\/ANAGABRIELAYPIANISTA-SELECC-17-200x300.jpg 200w, https:\/\/anagabrielalealsoprano.com\/wp-content\/uploads\/2022\/03\/ANAGABRIELAYPIANISTA-SELECC-17-768x1150.jpg 768w, https:\/\/anagabrielalealsoprano.com\/wp-content\/uploads\/2022\/03\/ANAGABRIELAYPIANISTA-SELECC-17.jpg 900w\" sizes=\"(max-width: 684px) 100vw, 684px\" \/>\t\t\t\t\t\t\t\t\t\t\t\t\t\t\t<\/div>\n\t\t\t\t<\/div>\n\t\t\t\t\t<\/div>\n\t\t<\/div>\n\t\t\t\t<div class=\"elementor-column elementor-col-50 elementor-top-column elementor-element elementor-element-fafb514\" data-id=\"fafb514\" data-element_type=\"column\" data-settings=\"{&quot;background_background&quot;:&quot;classic&quot;}\">\n\t\t\t<div class=\"elementor-widget-wrap elementor-element-populated\">\n\t\t\t\t\t\t<div class=\"elementor-element elementor-element-933337c elementor-widget elementor-widget-text-editor\" data-id=\"933337c\" data-element_type=\"widget\" data-widget_type=\"text-editor.default\">\n\t\t\t\t<div class=\"elementor-widget-container\">\n\t\t\t\t\t\t\t\t\t<p>Ana Gabriela Leal estudi\u00f3 Lic. en Administraci\u00f3n de Empresas en el ITESM obteniendo Menci\u00f3n Honorifica y tambien obtuvo un t\u00edtulo en Mercadotecnia por la Midway University de Kentucky en Estados Unidos, obteniendo tambien Menci\u00f3n Honor\u00edfica. Por mas de 12 a\u00f1os se ha formado como cantante perfeccionando la t\u00e9cnica vocal con Maestros dentro y fuera del pa\u00eds. Ha participado en numerosas obras de teatro musical, \u00f3peras, Requiems, oratorios asi como en conciertos como solista y como corista. Desde 2011 hace presentaciones independientes cantando repertorio oper\u00edstico, oratorio, lieder, canci\u00f3n Mexicana y Broadway. Es fundadora y directora de la empresa Voicebox Studio y actualmente trabaja en la Compa\u00f1\u00eda de \u00d3pera de Saltillo como solista invitada.<\/p>\t\t\t\t\t\t\t\t<\/div>\n\t\t\t\t<\/div>\n\t\t\t\t<div class=\"elementor-element elementor-element-46a304e elementor-widget elementor-widget-image\" data-id=\"46a304e\" data-element_type=\"widget\" data-widget_type=\"image.default\">\n\t\t\t\t<div class=\"elementor-widget-container\">\n\t\t\t\t\t\t\t\t\t\t\t\t\t\t\t<img decoding=\"async\" width=\"800\" height=\"847\" src=\"https:\/\/anagabrielalealsoprano.com\/wp-content\/uploads\/2022\/03\/ANAGABRIELAYPIANISTA-SELECC-8-1.jpg\" class=\"attachment-large size-large wp-image-466\" alt=\"\" srcset=\"https:\/\/anagabrielalealsoprano.com\/wp-content\/uploads\/2022\/03\/ANAGABRIELAYPIANISTA-SELECC-8-1.jpg 900w, https:\/\/anagabrielalealsoprano.com\/wp-content\/uploads\/2022\/03\/ANAGABRIELAYPIANISTA-SELECC-8-1-283x300.jpg 283w, https:\/\/anagabrielalealsoprano.com\/wp-content\/uploads\/2022\/03\/ANAGABRIELAYPIANISTA-SELECC-8-1-768x813.jpg 768w\" sizes=\"(max-width: 800px) 100vw, 800px\" \/>\t\t\t\t\t\t\t\t\t\t\t\t\t\t\t<\/div>\n\t\t\t\t<\/div>\n\t\t\t\t\t<\/div>\n\t\t<\/div>\n\t\t\t\t\t<\/div>\n\t\t<\/section>\n\t\t\t\t<section class=\"elementor-section elementor-top-section elementor-element elementor-element-cdcafd8 elementor-section-boxed elementor-section-height-default elementor-section-height-default\" data-id=\"cdcafd8\" data-element_type=\"section\">\n\t\t\t\t\t\t<div class=\"elementor-container elementor-column-gap-default\">\n\t\t\t\t\t<div class=\"elementor-column elementor-col-100 elementor-top-column elementor-element elementor-element-14f6394\" data-id=\"14f6394\" data-element_type=\"column\">\n\t\t\t<div class=\"elementor-widget-wrap elementor-element-populated\">\n\t\t\t\t\t\t<div class=\"elementor-element elementor-element-4d847f2 elementor-widget elementor-widget-spacer\" data-id=\"4d847f2\" data-element_type=\"widget\" data-widget_type=\"spacer.default\">\n\t\t\t\t<div class=\"elementor-widget-container\">\n\t\t\t\t\t\t\t<div class=\"elementor-spacer\">\n\t\t\t<div class=\"elementor-spacer-inner\"><\/div>\n\t\t<\/div>\n\t\t\t\t\t\t<\/div>\n\t\t\t\t<\/div>\n\t\t\t\t\t<\/div>\n\t\t<\/div>\n\t\t\t\t\t<\/div>\n\t\t<\/section>\n\t\t\t\t<\/div>\n\t\t","protected":false},"excerpt":{"rendered":"<p>\u00bfQUI\u00c9NES SOMOS? Ana Gabriela Leal estudi\u00f3 Lic. en Administraci\u00f3n de Empresas en el ITESM obteniendo Menci\u00f3n Honorifica y tambien obtuvo un t\u00edtulo en Mercadotecnia por la Midway University de Kentucky en Estados Unidos, obteniendo tambien Menci\u00f3n Honor\u00edfica. Por mas de 12 a\u00f1os se ha formado como cantante perfeccionando la t\u00e9cnica vocal con Maestros dentro y [&hellip;]<\/p>\n","protected":false},"author":1,"featured_media":0,"parent":0,"menu_order":0,"comment_status":"closed","ping_status":"closed","template":"","meta":{"footnotes":""},"class_list":["post-8","page","type-page","status-publish","hentry"],"_links":{"self":[{"href":"https:\/\/anagabrielalealsoprano.com\/index.php\/wp-json\/wp\/v2\/pages\/8","targetHints":{"allow":["GET"]}}],"collection":[{"href":"https:\/\/anagabrielalealsoprano.com\/index.php\/wp-json\/wp\/v2\/pages"}],"about":[{"href":"https:\/\/anagabrielalealsoprano.com\/index.php\/wp-json\/wp\/v2\/types\/page"}],"author":[{"embeddable":true,"href":"https:\/\/anagabrielalealsoprano.com\/index.php\/wp-json\/wp\/v2\/users\/1"}],"replies":[{"embeddable":true,"href":"https:\/\/anagabrielalealsoprano.com\/index.php\/wp-json\/wp\/v2\/comments?post=8"}],"version-history":[{"count":40,"href":"https:\/\/anagabrielalealsoprano.com\/index.php\/wp-json\/wp\/v2\/pages\/8\/revisions"}],"predecessor-version":[{"id":989,"href":"https:\/\/anagabrielalealsoprano.com\/index.php\/wp-json\/wp\/v2\/pages\/8\/revisions\/989"}],"wp:attachment":[{"href":"https:\/\/anagabrielalealsoprano.com\/index.php\/wp-json\/wp\/v2\/media?parent=8"}],"curies":[{"name":"wp","href":"https:\/\/api.w.org\/{rel}","templated":true}]}}